{"id":16,"date":"2013-04-16T18:39:16","date_gmt":"2013-04-16T18:39:16","guid":{"rendered":"http:\/\/caceempome.com.uy\/wp\/?page_id=16"},"modified":"2013-04-24T15:58:14","modified_gmt":"2013-04-24T15:58:14","slug":"quienes-somos","status":"publish","type":"page","link":"http:\/\/caceempome.com.uy\/?page_id=16","title":{"rendered":"Quienes Somos"},"content":{"rendered":"<p><strong>CACEEMPOME<\/strong> &#8211; Cooperativa de Ahorro y Cr\u00e9dito Ex Empleados de los Bancos Popular y Mercantil-, fue\u00a0 creada por los funcionarios del Banco Popular del Uruguay en el a\u00f1o 1963 funcionando como un Fondo de Previsi\u00f3n.<br \/>\nEl 21 de agosto de 1963, en la Asamblea General Extraordinaria fueron aprobados los Estatutos del \u201cFondo de Previsi\u00f3n para Empleados en\u00a0 Actividad del Banco Popular del Uruguay\u201d la creaci\u00f3n de este Fondo dio origen a nuestra cooperativa y por lo tanto la fecha de celebraci\u00f3n de esta Asamblea marc\u00f3 el comienzo del camino, el que hasta el d\u00eda de hoy hemos recorrido con \u00e9xito en la b\u00fasqueda de la integraci\u00f3n cooperativa de nuestros afiliados y sus familias, fomentando el ahorro y poniendo a disposici\u00f3n de los socios diferentes l\u00edneas de cr\u00e9dito con bajas tasas de inter\u00e9s con un fin netamente social y solidario.<\/p>\n<p>A partir del a\u00f1o 1970 se incorporaron funcionarios del Banco Mercantil al haberse fusionado dichos Bancos.<\/p>\n<p>En su oportunidad el Poder Ejecutivo cre\u00f3 disposiciones para el funcionamiento de muchos Fondos existentes en el pa\u00eds que carec\u00edan de una Ley que regulara la funci\u00f3n Cooperativa de los mismos.<br \/>\nFue por eso que este Fondo de Previsi\u00f3n, luego de los tr\u00e1mites correspondientes en el a\u00f1o 1981 se transform\u00f3 en Cooperativa de Ahorro y Cr\u00e9dito Ex Empleados de los Bancos Popular y Mercantil, funcionando inicialmente con los afiliados de los bancos mencionados.<\/p>\n<p>Con posterioridad al a\u00f1o 1985, reforma de estatutos mediante, el v\u00ednculo fue extendido a otras instituciones bancarias.<\/p>\n<p>La \u00faltima reforma de Estatutos data del\u00a0 16 de mayo de 2012, oportunidad en que se debieron adaptar los mismos a la\u00a0 Ley General de Cooperativas Nro. 18407.<\/p>\n","protected":false},"excerpt":{"rendered":"<p>CACEEMPOME &#8211; Cooperativa de Ahorro y Cr\u00e9dito Ex Empleados de los Bancos Popular y Mercantil-, fue\u00a0 creada por los funcionarios del Banco Popular del Uruguay en el a\u00f1o 1963 funcionando como un Fondo de Previsi\u00f3n. El 21 de agosto de 1963, en la Asamblea General Extraordinaria fueron aprobados los Estatutos del \u201cFondo de Previsi\u00f3n para &hellip; <\/p>\n<p><a class=\"more-link block-button\" href=\"http:\/\/caceempome.com.uy\/?page_id=16\">Continuar leyendo &raquo;<\/a><\/p>\n","protected":false},"author":1,"featured_media":0,"parent":0,"menu_order":0,"comment_status":"open","ping_status":"open","template":"","meta":{"footnotes":""},"class_list":["post-16","page","type-page","status-publish","hentry","nodate"],"_links":{"self":[{"href":"http:\/\/caceempome.com.uy\/index.php?rest_route=\/wp\/v2\/pages\/16","targetHints":{"allow":["GET"]}}],"collection":[{"href":"http:\/\/caceempome.com.uy\/index.php?rest_route=\/wp\/v2\/pages"}],"about":[{"href":"http:\/\/caceempome.com.uy\/index.php?rest_route=\/wp\/v2\/types\/page"}],"author":[{"embeddable":true,"href":"http:\/\/caceempome.com.uy\/index.php?rest_route=\/wp\/v2\/users\/1"}],"replies":[{"embeddable":true,"href":"http:\/\/caceempome.com.uy\/index.php?rest_route=%2Fwp%2Fv2%2Fcomments&post=16"}],"version-history":[{"count":4,"href":"http:\/\/caceempome.com.uy\/index.php?rest_route=\/wp\/v2\/pages\/16\/revisions"}],"predecessor-version":[{"id":85,"href":"http:\/\/caceempome.com.uy\/index.php?rest_route=\/wp\/v2\/pages\/16\/revisions\/85"}],"wp:attachment":[{"href":"http:\/\/caceempome.com.uy\/index.php?rest_route=%2Fwp%2Fv2%2Fmedia&parent=16"}],"curies":[{"name":"wp","href":"https:\/\/api.w.org\/{rel}","templated":true}]}}