{"id":716,"date":"2018-11-21T17:00:28","date_gmt":"2018-11-21T20:00:28","guid":{"rendered":"http:\/\/caceempome.com.uy\/?page_id=716"},"modified":"2019-02-15T16:58:27","modified_gmt":"2019-02-15T19:58:27","slug":"servicio-odontologico","status":"publish","type":"page","link":"http:\/\/caceempome.com.uy\/?page_id=716","title":{"rendered":"Servicio Odontol\u00f3gico"},"content":{"rendered":"<p><a href=\"http:\/\/caceempome.com.uy\/wp-content\/uploads\/2018\/08\/Muestra_Flyers-Odontolog\u00eda.jpg\"><img loading=\"lazy\" decoding=\"async\" class=\"aligncenter size-full wp-image-695\" src=\"http:\/\/caceempome.com.uy\/wp-content\/uploads\/2018\/08\/Muestra_Flyers-Odontolog\u00eda.jpg\" alt=\"\" width=\"567\" height=\"833\" srcset=\"http:\/\/caceempome.com.uy\/wp-content\/uploads\/2018\/08\/Muestra_Flyers-Odontolog\u00eda.jpg 567w, http:\/\/caceempome.com.uy\/wp-content\/uploads\/2018\/08\/Muestra_Flyers-Odontolog\u00eda-204x300.jpg 204w\" sizes=\"auto, (max-width: 567px) 100vw, 567px\" \/><\/a><\/p>\n<div>\n<p><strong>Liquido:<\/strong>\u00a0$U\u00a0 Costo del tratamiento<br \/>\n<strong>TEA:<\/strong>\u00a026% m\u00e1s iva<br \/>\n<strong>Plazo:<\/strong>\u00a0(Cantidad de cuotas fijas mensuales): de 2 a 24<br \/>\n<strong>Valor cuota aprox.:\u00a0<\/strong>\u00a0seg\u00fan costo del tratamiento<br \/>\n<strong>Renovable:<\/strong>\u00a0NO<br \/>\n<strong>Periodo de vigencia:<\/strong>\u00a0desde el 1 de enero al 31 de diciembre<\/p>\n<p><strong>CONDICIONES:<\/strong><\/p>\n<ul>\n<li>Cr\u00e9dito no renovable, sujeto a su aprobaci\u00f3n y descuento total de cuotas de los haberes o jubilaci\u00f3n del socio.<\/li>\n<li>Para la solicitud de \u00e9ste cr\u00e9dito es obligatorio presentar \u00faltimo recibo de sueldo o jubilaci\u00f3n y c\u00e9dula de identidad.<\/li>\n<\/ul>\n<\/div>\n","protected":false},"excerpt":{"rendered":"<p>Liquido:\u00a0$U\u00a0 Costo del tratamiento TEA:\u00a026% m\u00e1s iva Plazo:\u00a0(Cantidad de cuotas fijas mensuales): de 2 a 24 Valor cuota aprox.:\u00a0\u00a0seg\u00fan costo del tratamiento Renovable:\u00a0NO Periodo de vigencia:\u00a0desde el 1 de enero al 31 de diciembre CONDICIONES: Cr\u00e9dito no renovable, sujeto a su aprobaci\u00f3n y descuento total de cuotas de los haberes o jubilaci\u00f3n del socio. Para &hellip; <\/p>\n<p><a class=\"more-link block-button\" href=\"http:\/\/caceempome.com.uy\/?page_id=716\">Continuar leyendo &raquo;<\/a><\/p>\n","protected":false},"author":1,"featured_media":0,"parent":288,"menu_order":5,"comment_status":"closed","ping_status":"closed","template":"","meta":{"footnotes":""},"class_list":["post-716","page","type-page","status-publish","hentry","nodate"],"_links":{"self":[{"href":"http:\/\/caceempome.com.uy\/index.php?rest_route=\/wp\/v2\/pages\/716","targetHints":{"allow":["GET"]}}],"collection":[{"href":"http:\/\/caceempome.com.uy\/index.php?rest_route=\/wp\/v2\/pages"}],"about":[{"href":"http:\/\/caceempome.com.uy\/index.php?rest_route=\/wp\/v2\/types\/page"}],"author":[{"embeddable":true,"href":"http:\/\/caceempome.com.uy\/index.php?rest_route=\/wp\/v2\/users\/1"}],"replies":[{"embeddable":true,"href":"http:\/\/caceempome.com.uy\/index.php?rest_route=%2Fwp%2Fv2%2Fcomments&post=716"}],"version-history":[{"count":4,"href":"http:\/\/caceempome.com.uy\/index.php?rest_route=\/wp\/v2\/pages\/716\/revisions"}],"predecessor-version":[{"id":748,"href":"http:\/\/caceempome.com.uy\/index.php?rest_route=\/wp\/v2\/pages\/716\/revisions\/748"}],"up":[{"embeddable":true,"href":"http:\/\/caceempome.com.uy\/index.php?rest_route=\/wp\/v2\/pages\/288"}],"wp:attachment":[{"href":"http:\/\/caceempome.com.uy\/index.php?rest_route=%2Fwp%2Fv2%2Fmedia&parent=716"}],"curies":[{"name":"wp","href":"https:\/\/api.w.org\/{rel}","templated":true}]}}