{"id":89,"date":"2013-04-25T16:58:40","date_gmt":"2013-04-25T16:58:40","guid":{"rendered":"http:\/\/caceempome.com.uy\/wp\/?page_id=89"},"modified":"2024-11-21T16:54:43","modified_gmt":"2024-11-21T19:54:43","slug":"productos-especiales","status":"publish","type":"page","link":"http:\/\/caceempome.com.uy\/?page_id=89","title":{"rendered":"Especiales"},"content":{"rendered":"<div class=\"entry-content gmail-clearfix\">\n<div class=\"gmail-\">\n<div class=\"gmail-\">\n<div class=\"gmail-\">\n<h3><span style=\"color: #008000;\">PRODUCTOS ESPECIALES \u2013 MONEDA NACIONAL<\/span><\/h3>\n<div dir=\"ltr\">\n<div>\n<div>\n<div class=\"gmail-post-meta gmail-clearfix\">\n<div dir=\"ltr\">\n<div>\n<div>\n<div class=\"gmail-post-meta gmail-clearfix\"><strong><span style=\"color: #339966;\">PR\u00c9STAMO D\u00cdA DE LA MADRE<\/span><br \/>\n<\/strong><\/div>\n<div class=\"entry-content gmail-clearfix\">\n<p><strong>Liquido: <\/strong>$U 15000.00<br \/>\n<strong>TEA:<\/strong>\u00a029% m\u00e1s iva<br \/>\n<strong>Plazo:<\/strong>\u00a0(Cantidad de cuotas fijas\u00a0 mensuales): 11<br \/>\n<strong>Valor cuota aprox.:\u00a0<\/strong>$U 1620,00<br \/>\n<strong>Renovable:<\/strong>\u00a0NO<br \/>\n<strong>Periodo de vigencia:<\/strong>\u00a02 de mayo al 31 de mayo<\/p>\n<p><strong>CONDICIONES:<\/strong><\/p>\n<ul>\n<li>Cr\u00e9dito no renovable, sujeto a su aprobaci\u00f3n y descuento total de cuotas de los haberes o jubilaci\u00f3n del socio.<\/li>\n<li>Para la solicitud de \u00e9ste cr\u00e9dito es obligatorio presentar \u00faltimo recibo de sueldo o jubilaci\u00f3n y c\u00e9dula de identidad.<\/li>\n<\/ul>\n<\/div>\n<\/div>\n<\/div>\n<\/div>\n<div class=\"gmail_extra\">\n<hr \/>\n<\/div>\n<p><span style=\"color: #339966;\"><strong>PR\u00c9STAMO ESTUDIANTIL<\/strong><\/span><\/p>\n<p><strong>Liquido:\u00a0<\/strong>$U 25000.00<br \/>\n(Por cada hijo del socio en edad Escolar o Liceal , m\u00e1ximo hasta 3 hijos)<br \/>\n<strong>TEA:<\/strong>\u00a029% m\u00e1s iva<br \/>\n<strong>Plazo:<\/strong>\u00a0(Cantidad de cuotas fijas\u00a0 mensuales): 11<br \/>\n<strong>Valor cuota aprox.:\u00a0<\/strong>$U 2130,00<br \/>\n<strong>Renovable:<\/strong>\u00a0NO<br \/>\n<strong>Periodo de vigencia:<\/strong>\u00a015 de febrero al 30 de Marzo<\/p>\n<p><strong>CONDICIONES:<\/strong><\/p>\n<ul>\n<li>Cr\u00e9dito no renovable, sujeto a su aprobaci\u00f3n y descuento total de cuotas de los haberes o jubilaci\u00f3n del socio.<\/li>\n<li>Para la solicitud de \u00e9ste cr\u00e9dito es obligatorio presentar \u00faltimo recibo de sueldo o jubilaci\u00f3n y c\u00e9dula de identidad.<\/li>\n<\/ul>\n<hr \/>\n<p><span style=\"color: #339966;\"><strong>PR\u00c9STAMO NAVIDE\u00d1O<\/strong><\/span><\/p>\n<p><strong>Liquido:<\/strong> $ 50000,00<br \/>\n<strong>TEA:<\/strong> 29% m\u00e1s iva<br \/>\n<strong>Plazo:<\/strong>\u00a0(Cantidad de cuotas fijas mensuales): 11<br \/>\n<strong>Valor cuota aprox.:<\/strong> $ 5310,00<br \/>\n<strong>Renovable:<\/strong>\u00a0NO<br \/>\n<strong>Periodo de vigencia:<\/strong>\u00a015 de noviembre al\u00a015\u00a0de enero<\/p>\n<p><strong>CONDICIONES:<\/strong><\/p>\n<ul>\n<li>Cr\u00e9dito no renovable, sujeto a su aprobaci\u00f3n y descuento total de cuotas de los haberes o jubilaci\u00f3n del socio.<\/li>\n<li>Para la solicitud de \u00e9ste cr\u00e9dito es obligatorio presentar \u00faltimo recibo de sueldo o jubilaci\u00f3n y c\u00e9dula de identidad.<\/li>\n<\/ul>\n<hr \/>\n<p><span style=\"color: #339966;\"><strong>PR\u00c9STAMO CONVENIO VACACIONAL<\/strong><\/span><\/p>\n<p><strong>Liquido:<\/strong>\u00a0$U\u00a0 Costo de la Estad\u00eda en Complejo Vacacional<br \/>\n<strong>TEA:<\/strong> 29% m\u00e1s iva<br \/>\n<strong>Plazo:<\/strong>\u00a0(Cantidad de cuotas fijas mensuales): de 2 a 6<br \/>\n<strong>Valor cuota aprox.:\u00a0<\/strong>\u00a0seg\u00fan costo de la\u00a0 Estad\u00eda<br \/>\n<strong>Renovable:<\/strong>\u00a0NO<br \/>\n<strong>Periodo de vigencia:<\/strong>\u00a0desde el 1 de enero al 31 de diciembre<\/p>\n<p><strong>CONDICIONES:<\/strong><\/p>\n<ul>\n<li>La confirmaci\u00f3n de la estad\u00eda estar\u00e1 dada una vez aprobado y realizado el cr\u00e9dito.<\/li>\n<li>Cr\u00e9dito no renovable, sujeto a su aprobaci\u00f3n y descuento total de cuotas de los haberes o jubilaci\u00f3n del socio.<\/li>\n<li>Para la solicitud de \u00e9ste cr\u00e9dito es obligatorio presentar \u00faltimo recibo de sueldo o jubilaci\u00f3n y c\u00e9dula de identidad.<\/li>\n<\/ul>\n<div>\n<hr \/>\n<\/div>\n<div><strong><br \/>\n<span style=\"color: #339966;\">PR\u00c9STAMO CONVENIO \u00d3PTICA<\/span><\/strong><\/div>\n<div><\/div>\n<div>\n<p><strong>Liquido:<\/strong>\u00a0$U\u00a0 Costo del Producto (luego de aplicar el descuento del 25%)<br \/>\n<strong>TEA:<\/strong>\u00a024% m\u00e1s iva<br \/>\n<strong>Plazo:<\/strong>\u00a0(Cantidad de cuotas fijas mensuales): de 2 a 6<br \/>\n<strong>Valor cuota aprox.:\u00a0<\/strong>\u00a0seg\u00fan costo del Producto<br \/>\n<strong>Renovable:<\/strong>\u00a0NO<br \/>\n<strong>Periodo de vigencia:<\/strong>\u00a0desde el 1 de enero al 31 de diciembre<\/p>\n<p><strong>CONDICIONES:<\/strong><\/p>\n<ul>\n<li>Cr\u00e9dito no renovable, sujeto a su aprobaci\u00f3n y descuento total de cuotas de los haberes o jubilaci\u00f3n del socio.<\/li>\n<li>Para la solicitud de \u00e9ste cr\u00e9dito es obligatorio presentar \u00faltimo recibo de sueldo o jubilaci\u00f3n y c\u00e9dula de identidad.<\/li>\n<\/ul>\n<hr \/>\n<div class=\"entry-content gmail-clearfix\">\n<div class=\"entry-content gmail-clearfix\">\n<div class=\"gmail-\">\n<div class=\"gmail-\">\n<div class=\"gmail-\">\n<div><strong><br \/>\n<span style=\"color: #339966;\">PR\u00c9STAMO CONVENIO SERVICIO ODONTOL\u00d3GICO<\/span><\/strong><\/div>\n<div>\n<p><strong>Liquido:<\/strong>\u00a0$U\u00a0 Costo del tratamiento<br \/>\n<strong>TEA:<\/strong>\u00a024% m\u00e1s iva<br \/>\n<strong>Plazo:<\/strong>\u00a0(Cantidad de cuotas fijas mensuales): de 2 a 24<br \/>\n<strong>Valor cuota aprox.:\u00a0<\/strong>\u00a0seg\u00fan costo del tratamiento<br \/>\n<strong>Renovable:<\/strong>\u00a0NO<br \/>\n<strong>Periodo de vigencia:<\/strong>\u00a0desde el 1 de enero al 31 de diciembre<\/p>\n<p><strong>CONDICIONES:<\/strong><\/p>\n<ul>\n<li>Cr\u00e9dito no renovable, sujeto a su aprobaci\u00f3n y descuento total de cuotas de los haberes o jubilaci\u00f3n del socio.<\/li>\n<li>Para la solicitud de \u00e9ste cr\u00e9dito es obligatorio presentar \u00faltimo recibo de sueldo o jubilaci\u00f3n y c\u00e9dula de identidad.<\/li>\n<\/ul>\n<\/div>\n<\/div>\n<\/div>\n<\/div>\n<\/div>\n<\/div>\n<div class=\"entry-footer gmail-clearfix\"><\/div>\n<div class=\"entry-content gmail-clearfix\">\n<div class=\"entry-content gmail-clearfix\">\n<div class=\"gmail-\">\n<div class=\"gmail-\">\n<div class=\"gmail-\">\n<div>\n<hr \/>\n<\/div>\n<div>\n<\/div>\n<\/div>\n<\/div>\n<\/div>\n<\/div>\n<\/div>\n<\/div>\n<\/div>\n<\/div>\n<\/div>\n<\/div>\n<\/div>\n<\/div>\n<\/div>\n<\/div>\n","protected":false},"excerpt":{"rendered":"<p>PRODUCTOS ESPECIALES \u2013 MONEDA NACIONAL PR\u00c9STAMO D\u00cdA DE LA MADRE Liquido: $U 15000.00 TEA:\u00a029% m\u00e1s iva Plazo:\u00a0(Cantidad de cuotas fijas\u00a0 mensuales): 11 Valor cuota aprox.:\u00a0$U 1620,00 Renovable:\u00a0NO Periodo de vigencia:\u00a02 de mayo al 31 de mayo CONDICIONES: Cr\u00e9dito no renovable, sujeto a su aprobaci\u00f3n y descuento total de cuotas de los haberes o jubilaci\u00f3n del &hellip; <\/p>\n<p><a class=\"more-link block-button\" href=\"http:\/\/caceempome.com.uy\/?page_id=89\">Continuar leyendo &raquo;<\/a><\/p>\n","protected":false},"author":1,"featured_media":0,"parent":20,"menu_order":1,"comment_status":"open","ping_status":"open","template":"","meta":{"footnotes":""},"class_list":["post-89","page","type-page","status-publish","hentry","nodate"],"_links":{"self":[{"href":"http:\/\/caceempome.com.uy\/index.php?rest_route=\/wp\/v2\/pages\/89","targetHints":{"allow":["GET"]}}],"collection":[{"href":"http:\/\/caceempome.com.uy\/index.php?rest_route=\/wp\/v2\/pages"}],"about":[{"href":"http:\/\/caceempome.com.uy\/index.php?rest_route=\/wp\/v2\/types\/page"}],"author":[{"embeddable":true,"href":"http:\/\/caceempome.com.uy\/index.php?rest_route=\/wp\/v2\/users\/1"}],"replies":[{"embeddable":true,"href":"http:\/\/caceempome.com.uy\/index.php?rest_route=%2Fwp%2Fv2%2Fcomments&post=89"}],"version-history":[{"count":40,"href":"http:\/\/caceempome.com.uy\/index.php?rest_route=\/wp\/v2\/pages\/89\/revisions"}],"predecessor-version":[{"id":968,"href":"http:\/\/caceempome.com.uy\/index.php?rest_route=\/wp\/v2\/pages\/89\/revisions\/968"}],"up":[{"embeddable":true,"href":"http:\/\/caceempome.com.uy\/index.php?rest_route=\/wp\/v2\/pages\/20"}],"wp:attachment":[{"href":"http:\/\/caceempome.com.uy\/index.php?rest_route=%2Fwp%2Fv2%2Fmedia&parent=89"}],"curies":[{"name":"wp","href":"https:\/\/api.w.org\/{rel}","templated":true}]}}